{"id":5466,"date":"2026-04-22T19:06:14","date_gmt":"2026-04-22T19:06:14","guid":{"rendered":"https:\/\/bambinos.pt\/?post_type=product&#038;p=5466"},"modified":"2026-04-22T19:06:14","modified_gmt":"2026-04-22T19:06:14","slug":"fralda-de-pano-sesimbra","status":"publish","type":"product","link":"https:\/\/bambinos.pt\/en\/loja\/fralda-de-pano-sesimbra\/","title":{"rendered":"Fralda de Pano &#8221; Sesimbra &#8220;"},"content":{"rendered":"<p>Fralda de pano, com aplica\u00e7\u00e3o de padr\u00e3o e la\u00e7o em cetim<\/p>\n<p>100% Algod\u00e3o<\/p>\n<p>Fabricado em Portugal<\/p>","protected":false},"excerpt":{"rendered":"<p><strong>Fralda de Pano &#8221; Sesimbra &#8220;<\/strong><\/p>","protected":false},"featured_media":5467,"comment_status":"closed","ping_status":"closed","template":"","meta":[],"product_brand":[],"product_cat":[138],"product_tag":[],"class_list":{"0":"post-5466","1":"product","2":"type-product","3":"status-publish","4":"has-post-thumbnail","6":"product_cat-puericultura","8":"first","9":"instock","10":"sold-individually","11":"taxable","12":"shipping-taxable","13":"purchasable","14":"product-type-simple"},"_links":{"self":[{"href":"https:\/\/bambinos.pt\/en\/wp-json\/wp\/v2\/product\/5466","targetHints":{"allow":["GET"]}}],"collection":[{"href":"https:\/\/bambinos.pt\/en\/wp-json\/wp\/v2\/product"}],"about":[{"href":"https:\/\/bambinos.pt\/en\/wp-json\/wp\/v2\/types\/product"}],"replies":[{"embeddable":true,"href":"https:\/\/bambinos.pt\/en\/wp-json\/wp\/v2\/comments?post=5466"}],"wp:featuredmedia":[{"embeddable":true,"href":"https:\/\/bambinos.pt\/en\/wp-json\/wp\/v2\/media\/5467"}],"wp:attachment":[{"href":"https:\/\/bambinos.pt\/en\/wp-json\/wp\/v2\/media?parent=5466"}],"wp:term":[{"taxonomy":"product_brand","embeddable":true,"href":"https:\/\/bambinos.pt\/en\/wp-json\/wp\/v2\/product_brand?post=5466"},{"taxonomy":"product_cat","embeddable":true,"href":"https:\/\/bambinos.pt\/en\/wp-json\/wp\/v2\/product_cat?post=5466"},{"taxonomy":"product_tag","embeddable":true,"href":"https:\/\/bambinos.pt\/en\/wp-json\/wp\/v2\/product_tag?post=5466"}],"curies":[{"name":"wp","href":"https:\/\/api.w.org\/{rel}","templated":true}]}}