{"id":774,"date":"2025-05-07T16:44:38","date_gmt":"2025-05-07T16:44:38","guid":{"rendered":"https:\/\/bambinos.pt\/?post_type=product&#038;p=774"},"modified":"2025-08-01T14:24:42","modified_gmt":"2025-08-01T14:24:42","slug":"mordedor-de-silicone","status":"publish","type":"product","link":"https:\/\/bambinos.pt\/en\/loja\/mordedor-de-silicone\/","title":{"rendered":"Mordedor de Silicone"},"content":{"rendered":"<p><strong>Mordedor de Silicone\u00a0<\/strong><\/p>\n<p>Este bonito mordedor em forma de le\u00e3o feito de silicone de qualidade alimentar \u00e9 ideal para a denti\u00e7\u00e3o dos mais pequenos. Sem BPA, PVC, Vinil, Chumbo e Ftalatos.<\/p>\n<p>\u00c9 lav\u00e1vel na m\u00e1quina de lavar lou\u00e7a.<\/p>","protected":false},"excerpt":{"rendered":"<p><strong>Mordedor de Silicone\u00a0<\/strong><\/p>\n<p>Este bonito mordedor em forma de le\u00e3o feito de silicone de qualidade alimentar \u00e9 ideal para a denti\u00e7\u00e3o dos mais pequenos. Sem BPA, PVC, Vinil, Chumbo e Ftalatos.<\/p>\n<p>\u00c9 lav\u00e1vel na m\u00e1quina de lavar lou\u00e7a.<\/p>","protected":false},"featured_media":784,"comment_status":"closed","ping_status":"closed","template":"","meta":[],"product_brand":[],"product_cat":[138],"product_tag":[],"class_list":{"0":"post-774","1":"product","2":"type-product","3":"status-publish","4":"has-post-thumbnail","6":"product_cat-puericultura","8":"first","9":"instock","10":"sold-individually","11":"taxable","12":"shipping-taxable","13":"purchasable","14":"product-type-variable"},"_links":{"self":[{"href":"https:\/\/bambinos.pt\/en\/wp-json\/wp\/v2\/product\/774","targetHints":{"allow":["GET"]}}],"collection":[{"href":"https:\/\/bambinos.pt\/en\/wp-json\/wp\/v2\/product"}],"about":[{"href":"https:\/\/bambinos.pt\/en\/wp-json\/wp\/v2\/types\/product"}],"replies":[{"embeddable":true,"href":"https:\/\/bambinos.pt\/en\/wp-json\/wp\/v2\/comments?post=774"}],"wp:featuredmedia":[{"embeddable":true,"href":"https:\/\/bambinos.pt\/en\/wp-json\/wp\/v2\/media\/784"}],"wp:attachment":[{"href":"https:\/\/bambinos.pt\/en\/wp-json\/wp\/v2\/media?parent=774"}],"wp:term":[{"taxonomy":"product_brand","embeddable":true,"href":"https:\/\/bambinos.pt\/en\/wp-json\/wp\/v2\/product_brand?post=774"},{"taxonomy":"product_cat","embeddable":true,"href":"https:\/\/bambinos.pt\/en\/wp-json\/wp\/v2\/product_cat?post=774"},{"taxonomy":"product_tag","embeddable":true,"href":"https:\/\/bambinos.pt\/en\/wp-json\/wp\/v2\/product_tag?post=774"}],"curies":[{"name":"wp","href":"https:\/\/api.w.org\/{rel}","templated":true}]}}