{"id":804,"date":"2025-05-07T16:57:43","date_gmt":"2025-05-07T16:57:43","guid":{"rendered":"https:\/\/bambinos.pt\/?post_type=product&#038;p=804"},"modified":"2025-08-01T14:25:54","modified_gmt":"2025-08-01T14:25:54","slug":"suporte-de-chupeta-de-silicone","status":"publish","type":"product","link":"https:\/\/bambinos.pt\/en\/loja\/suporte-de-chupeta-de-silicone\/","title":{"rendered":"Suporte de Chupeta de Silicone"},"content":{"rendered":"<p><strong>Suporte de Chupeta de Silicone\u00a0<\/strong><\/p>\n<p>Suporte de Chupeta 100% Silicone de qualidade alimentar e madeira natural. Sem BPA, PVC, Ftalatos, C\u00e1dmio e chumbo.<\/p>\n<p>Lavar \u00e0 m\u00e3o com \u00e1gua e sab\u00e3o neutro.<\/p>\n<p>N\u00e3o esterilize ou use como mordedor.<\/p>","protected":false},"excerpt":{"rendered":"<p><strong>Suporte de Chupeta de Silicone\u00a0<\/strong><\/p>\n<p>Suporte de Chupeta 100% Silicone de qualidade alimentar e madeira natural. Sem BPA, PVC, Ftalatos, C\u00e1dmio e chumbo.<\/p>\n<p>Lavar \u00e0 m\u00e3o com \u00e1gua e sab\u00e3o neutro.<\/p>\n<p>N\u00e3o esterilize ou use como mordedor.<\/p>","protected":false},"featured_media":813,"comment_status":"closed","ping_status":"closed","template":"","meta":[],"product_brand":[],"product_cat":[138],"product_tag":[],"class_list":{"0":"post-804","1":"product","2":"type-product","3":"status-publish","4":"has-post-thumbnail","6":"product_cat-puericultura","8":"first","9":"instock","10":"sold-individually","11":"taxable","12":"shipping-taxable","13":"purchasable","14":"product-type-variable"},"_links":{"self":[{"href":"https:\/\/bambinos.pt\/en\/wp-json\/wp\/v2\/product\/804","targetHints":{"allow":["GET"]}}],"collection":[{"href":"https:\/\/bambinos.pt\/en\/wp-json\/wp\/v2\/product"}],"about":[{"href":"https:\/\/bambinos.pt\/en\/wp-json\/wp\/v2\/types\/product"}],"replies":[{"embeddable":true,"href":"https:\/\/bambinos.pt\/en\/wp-json\/wp\/v2\/comments?post=804"}],"wp:featuredmedia":[{"embeddable":true,"href":"https:\/\/bambinos.pt\/en\/wp-json\/wp\/v2\/media\/813"}],"wp:attachment":[{"href":"https:\/\/bambinos.pt\/en\/wp-json\/wp\/v2\/media?parent=804"}],"wp:term":[{"taxonomy":"product_brand","embeddable":true,"href":"https:\/\/bambinos.pt\/en\/wp-json\/wp\/v2\/product_brand?post=804"},{"taxonomy":"product_cat","embeddable":true,"href":"https:\/\/bambinos.pt\/en\/wp-json\/wp\/v2\/product_cat?post=804"},{"taxonomy":"product_tag","embeddable":true,"href":"https:\/\/bambinos.pt\/en\/wp-json\/wp\/v2\/product_tag?post=804"}],"curies":[{"name":"wp","href":"https:\/\/api.w.org\/{rel}","templated":true}]}}