{"id":823,"date":"2025-05-07T17:06:01","date_gmt":"2025-05-07T17:06:01","guid":{"rendered":"https:\/\/bambinos.pt\/?post_type=product&#038;p=823"},"modified":"2025-05-08T10:08:45","modified_gmt":"2025-05-08T10:08:45","slug":"cobertor-polar-disney-mickey-baby-110x140cm","status":"publish","type":"product","link":"https:\/\/bambinos.pt\/en\/loja\/cobertor-polar-disney-mickey-baby-110x140cm\/","title":{"rendered":"Cobertor Polar Disney Mickey Baby 110x140cm"},"content":{"rendered":"<p><strong>Cobertor Polar Disney Mickey Baby 110x140cm<\/strong><\/p>\n<p>Cobertor polar em poli\u00e9ster para cama de beb\u00e9 do Mickey.<\/p>\n<p><strong>Caracter\u00edsticas:<br \/>\n<\/strong>Composi\u00e7\u00e3o 100% poli\u00e9ster<br \/>\nDimens\u00f5es 110 x 140 cm<\/p>","protected":false},"excerpt":{"rendered":"<p><strong>Cobertor Polar Disney Mickey Baby 110x140cm<\/strong><\/p>\n<p>Cobertor polar em poli\u00e9ster para cama de beb\u00e9 do Mickey.<\/p>\n<p><strong>Caracter\u00edsticas:<br \/>\n<\/strong>Composi\u00e7\u00e3o 100% poli\u00e9ster<br \/>\nDimens\u00f5es 110 x 140 cm<\/p>","protected":false},"featured_media":824,"comment_status":"closed","ping_status":"closed","template":"","meta":[],"product_brand":[],"product_cat":[101],"product_tag":[],"class_list":{"0":"post-823","1":"product","2":"type-product","3":"status-publish","4":"has-post-thumbnail","6":"product_cat-cobertores","8":"first","9":"instock","10":"sold-individually","11":"taxable","12":"shipping-taxable","13":"purchasable","14":"product-type-variable"},"_links":{"self":[{"href":"https:\/\/bambinos.pt\/en\/wp-json\/wp\/v2\/product\/823","targetHints":{"allow":["GET"]}}],"collection":[{"href":"https:\/\/bambinos.pt\/en\/wp-json\/wp\/v2\/product"}],"about":[{"href":"https:\/\/bambinos.pt\/en\/wp-json\/wp\/v2\/types\/product"}],"replies":[{"embeddable":true,"href":"https:\/\/bambinos.pt\/en\/wp-json\/wp\/v2\/comments?post=823"}],"wp:featuredmedia":[{"embeddable":true,"href":"https:\/\/bambinos.pt\/en\/wp-json\/wp\/v2\/media\/824"}],"wp:attachment":[{"href":"https:\/\/bambinos.pt\/en\/wp-json\/wp\/v2\/media?parent=823"}],"wp:term":[{"taxonomy":"product_brand","embeddable":true,"href":"https:\/\/bambinos.pt\/en\/wp-json\/wp\/v2\/product_brand?post=823"},{"taxonomy":"product_cat","embeddable":true,"href":"https:\/\/bambinos.pt\/en\/wp-json\/wp\/v2\/product_cat?post=823"},{"taxonomy":"product_tag","embeddable":true,"href":"https:\/\/bambinos.pt\/en\/wp-json\/wp\/v2\/product_tag?post=823"}],"curies":[{"name":"wp","href":"https:\/\/api.w.org\/{rel}","templated":true}]}}