{"id":827,"date":"2025-05-08T10:05:01","date_gmt":"2025-05-08T10:05:01","guid":{"rendered":"https:\/\/bambinos.pt\/?post_type=product&#038;p=827"},"modified":"2026-01-23T17:56:35","modified_gmt":"2026-01-23T17:56:35","slug":"babygrow-tunica-olivia","status":"publish","type":"product","link":"https:\/\/bambinos.pt\/en\/loja\/babygrow-tunica-olivia\/","title":{"rendered":"Babygrow T\u00fanica &#8221; Ol\u00edvia &#8220;"},"content":{"rendered":"<p><strong>Babygrow T\u00fanica p\u00e9rola e rosa Tema &#8221; Ol\u00edvia &#8221;\u00a0<\/strong><\/p>\n<p>Babygrow T\u00fanica 100% algod\u00e3o com abertura nas costas e entre pernas com fecho por bot\u00e3o mola.<\/p>\n<p>Guia de tamanhos:<\/p>\n<div class=\"table-responsive\">\n<table class=\"table table-bordered table-product-content\" width=\"306\">\n<tbody>\n<tr>\n<td>Tamanho (meses)<\/td>\n<td>Medidas (cm)<\/td>\n<\/tr>\n<tr>\n<td>0M<\/td>\n<td>50CM<\/td>\n<\/tr>\n<tr>\n<td>1M<\/td>\n<td>56CM<\/td>\n<\/tr>\n<tr>\n<td>3M<\/td>\n<td>62CM<\/td>\n<\/tr>\n<tr>\n<td>6M<\/td>\n<td>68CM<\/td>\n<\/tr>\n<\/tbody>\n<\/table>\n<p>Fabricado em Portugal<\/p>\n<\/div>","protected":false},"excerpt":{"rendered":"<p><strong>Babygrow T\u00fanica p\u00e9rola e rosa Tema &#8221; Ol\u00edvia &#8221;\u00a0<\/strong><\/p>\n<p>Babygrow T\u00fanica 100% algod\u00e3o com abertura nas costas e entre pernas com fecho por bot\u00e3o mola.<\/p>\n<p>Fabricado em Portugal<\/p>","protected":false},"featured_media":832,"comment_status":"closed","ping_status":"closed","template":"","meta":[],"product_brand":[],"product_cat":[40],"product_tag":[],"class_list":{"0":"post-827","1":"product","2":"type-product","3":"status-publish","4":"has-post-thumbnail","6":"product_cat-pijamas-babygrow","8":"first","9":"instock","10":"sale","11":"sold-individually","12":"taxable","13":"shipping-taxable","14":"purchasable","15":"product-type-variable"},"_links":{"self":[{"href":"https:\/\/bambinos.pt\/en\/wp-json\/wp\/v2\/product\/827","targetHints":{"allow":["GET"]}}],"collection":[{"href":"https:\/\/bambinos.pt\/en\/wp-json\/wp\/v2\/product"}],"about":[{"href":"https:\/\/bambinos.pt\/en\/wp-json\/wp\/v2\/types\/product"}],"replies":[{"embeddable":true,"href":"https:\/\/bambinos.pt\/en\/wp-json\/wp\/v2\/comments?post=827"}],"wp:featuredmedia":[{"embeddable":true,"href":"https:\/\/bambinos.pt\/en\/wp-json\/wp\/v2\/media\/832"}],"wp:attachment":[{"href":"https:\/\/bambinos.pt\/en\/wp-json\/wp\/v2\/media?parent=827"}],"wp:term":[{"taxonomy":"product_brand","embeddable":true,"href":"https:\/\/bambinos.pt\/en\/wp-json\/wp\/v2\/product_brand?post=827"},{"taxonomy":"product_cat","embeddable":true,"href":"https:\/\/bambinos.pt\/en\/wp-json\/wp\/v2\/product_cat?post=827"},{"taxonomy":"product_tag","embeddable":true,"href":"https:\/\/bambinos.pt\/en\/wp-json\/wp\/v2\/product_tag?post=827"}],"curies":[{"name":"wp","href":"https:\/\/api.w.org\/{rel}","templated":true}]}}