{"id":841,"date":"2025-05-08T10:30:51","date_gmt":"2025-05-08T10:30:51","guid":{"rendered":"https:\/\/bambinos.pt\/?post_type=product&#038;p=841"},"modified":"2025-08-01T14:30:49","modified_gmt":"2025-08-01T14:30:49","slug":"conjunto-de-2-pecas-olivia","status":"publish","type":"product","link":"https:\/\/bambinos.pt\/en\/loja\/conjunto-de-2-pecas-olivia\/","title":{"rendered":"Conjunto de 2 pe\u00e7as &#8221; Ol\u00edvia &#8220;"},"content":{"rendered":"<p><strong>Conjunto de 2 pe\u00e7as Tema &#8221; Ol\u00edvia &#8221;\u00a0<\/strong><\/p>\n<p>Conjunto de 2 pe\u00e7as 100% algod\u00e3o.<\/p>\n<p>T-shirt com folho na manga, bolso \u00e0 frente e 3 bot\u00f5es de madeira.<\/p>\n<p>Cal\u00e7\u00f5es com folho na coxa.<\/p>\n<p>Fabricado em Portugal<\/p>","protected":false},"excerpt":{"rendered":"<p><strong>Conjunto de 2 pe\u00e7as Tema &#8221; Ol\u00edvia &#8221;\u00a0<\/strong><\/p>\n<p>Conjunto de 2 pe\u00e7as 100% algod\u00e3o.<\/p>\n<p>Fabricado em Portugal<\/p>","protected":false},"featured_media":851,"comment_status":"closed","ping_status":"closed","template":"","meta":[],"product_brand":[],"product_cat":[39,74,108],"product_tag":[],"class_list":{"0":"post-841","1":"product","2":"type-product","3":"status-publish","4":"has-post-thumbnail","6":"product_cat-conjuntos","7":"product_cat-conjuntos-bebe-menina-9m-18m","8":"product_cat-conjuntos-menina-24m-6a","10":"first","11":"instock","12":"sold-individually","13":"taxable","14":"shipping-taxable","15":"purchasable","16":"product-type-variable"},"_links":{"self":[{"href":"https:\/\/bambinos.pt\/en\/wp-json\/wp\/v2\/product\/841","targetHints":{"allow":["GET"]}}],"collection":[{"href":"https:\/\/bambinos.pt\/en\/wp-json\/wp\/v2\/product"}],"about":[{"href":"https:\/\/bambinos.pt\/en\/wp-json\/wp\/v2\/types\/product"}],"replies":[{"embeddable":true,"href":"https:\/\/bambinos.pt\/en\/wp-json\/wp\/v2\/comments?post=841"}],"wp:featuredmedia":[{"embeddable":true,"href":"https:\/\/bambinos.pt\/en\/wp-json\/wp\/v2\/media\/851"}],"wp:attachment":[{"href":"https:\/\/bambinos.pt\/en\/wp-json\/wp\/v2\/media?parent=841"}],"wp:term":[{"taxonomy":"product_brand","embeddable":true,"href":"https:\/\/bambinos.pt\/en\/wp-json\/wp\/v2\/product_brand?post=841"},{"taxonomy":"product_cat","embeddable":true,"href":"https:\/\/bambinos.pt\/en\/wp-json\/wp\/v2\/product_cat?post=841"},{"taxonomy":"product_tag","embeddable":true,"href":"https:\/\/bambinos.pt\/en\/wp-json\/wp\/v2\/product_tag?post=841"}],"curies":[{"name":"wp","href":"https:\/\/api.w.org\/{rel}","templated":true}]}}