{"id":879,"date":"2025-05-08T11:21:20","date_gmt":"2025-05-08T11:21:20","guid":{"rendered":"https:\/\/bambinos.pt\/?post_type=product&#038;p=879"},"modified":"2025-08-01T14:32:04","modified_gmt":"2025-08-01T14:32:04","slug":"touca-olivia","status":"publish","type":"product","link":"https:\/\/bambinos.pt\/en\/loja\/touca-olivia\/","title":{"rendered":"Touca &#8221; Ol\u00edvia &#8220;"},"content":{"rendered":"<div class=\"product-description lead\">\n<p><em><strong>Touca em algod\u00e3o p\u00e9rola e rosa Tema: &#8220;Ol\u00edvia&#8221;\u00a0<\/strong><\/em><\/p>\n<p>Composi\u00e7\u00e3o: 100% Algod\u00e3o<\/p>\n<p>Fabricado em Portugal<\/p>\n<\/div>\n<div class=\"table-product-attributes margin-bottom margin-top\">\n<div class=\"table-responsive\"><\/div>\n<\/div>","protected":false},"excerpt":{"rendered":"<p><em><strong>Touca em algod\u00e3o p\u00e9rola e rosa Tema: &#8220;Ol\u00edvia&#8221;\u00a0<\/strong><\/em><\/p>\n<p>Composi\u00e7\u00e3o: 100% Algod\u00e3o<\/p>\n<p>Fabricado em Portugal<\/p>","protected":false},"featured_media":881,"comment_status":"closed","ping_status":"closed","template":"","meta":[],"product_brand":[],"product_cat":[47],"product_tag":[],"class_list":{"0":"post-879","1":"product","2":"type-product","3":"status-publish","4":"has-post-thumbnail","6":"product_cat-acessorios","8":"first","9":"instock","10":"sold-individually","11":"taxable","12":"shipping-taxable","13":"purchasable","14":"product-type-variable"},"_links":{"self":[{"href":"https:\/\/bambinos.pt\/en\/wp-json\/wp\/v2\/product\/879","targetHints":{"allow":["GET"]}}],"collection":[{"href":"https:\/\/bambinos.pt\/en\/wp-json\/wp\/v2\/product"}],"about":[{"href":"https:\/\/bambinos.pt\/en\/wp-json\/wp\/v2\/types\/product"}],"replies":[{"embeddable":true,"href":"https:\/\/bambinos.pt\/en\/wp-json\/wp\/v2\/comments?post=879"}],"wp:featuredmedia":[{"embeddable":true,"href":"https:\/\/bambinos.pt\/en\/wp-json\/wp\/v2\/media\/881"}],"wp:attachment":[{"href":"https:\/\/bambinos.pt\/en\/wp-json\/wp\/v2\/media?parent=879"}],"wp:term":[{"taxonomy":"product_brand","embeddable":true,"href":"https:\/\/bambinos.pt\/en\/wp-json\/wp\/v2\/product_brand?post=879"},{"taxonomy":"product_cat","embeddable":true,"href":"https:\/\/bambinos.pt\/en\/wp-json\/wp\/v2\/product_cat?post=879"},{"taxonomy":"product_tag","embeddable":true,"href":"https:\/\/bambinos.pt\/en\/wp-json\/wp\/v2\/product_tag?post=879"}],"curies":[{"name":"wp","href":"https:\/\/api.w.org\/{rel}","templated":true}]}}