{"id":885,"date":"2025-05-08T11:32:34","date_gmt":"2025-05-08T11:32:34","guid":{"rendered":"https:\/\/bambinos.pt\/?post_type=product&#038;p=885"},"modified":"2026-01-23T17:55:28","modified_gmt":"2026-01-23T17:55:28","slug":"saco-de-1a-roupa-olivia","status":"publish","type":"product","link":"https:\/\/bambinos.pt\/en\/loja\/saco-de-1a-roupa-olivia\/","title":{"rendered":"Saco de 1\u00aa Roupa &#8221; Ol\u00edvia &#8220;"},"content":{"rendered":"<p><strong>Saco de 1\u00aa Roupa Tema: &#8220;Ol\u00edvia &#8220;<\/strong><\/p>\n<p>Saco 100% Algod\u00e3o, fecho com cord\u00e3o, com quadrado estampado \u00e0 frente.<\/p>\n<p>Fabricado em Portugal<\/p>","protected":false},"excerpt":{"rendered":"<p><strong>Saco de 1\u00aa Roupa Tema: &#8220;Ol\u00edvia &#8220;<\/strong><\/p>\n<p>Saco 100% Algod\u00e3o, fecho com cord\u00e3o, com quadrado estampado \u00e0 frente.<\/p>\n<p>Fabricado em Portugal<\/p>","protected":false},"featured_media":888,"comment_status":"closed","ping_status":"closed","template":"","meta":[],"product_brand":[],"product_cat":[138],"product_tag":[],"class_list":{"0":"post-885","1":"product","2":"type-product","3":"status-publish","4":"has-post-thumbnail","6":"product_cat-puericultura","8":"first","9":"instock","10":"sale","11":"sold-individually","12":"taxable","13":"shipping-taxable","14":"purchasable","15":"product-type-variable"},"_links":{"self":[{"href":"https:\/\/bambinos.pt\/en\/wp-json\/wp\/v2\/product\/885","targetHints":{"allow":["GET"]}}],"collection":[{"href":"https:\/\/bambinos.pt\/en\/wp-json\/wp\/v2\/product"}],"about":[{"href":"https:\/\/bambinos.pt\/en\/wp-json\/wp\/v2\/types\/product"}],"replies":[{"embeddable":true,"href":"https:\/\/bambinos.pt\/en\/wp-json\/wp\/v2\/comments?post=885"}],"wp:featuredmedia":[{"embeddable":true,"href":"https:\/\/bambinos.pt\/en\/wp-json\/wp\/v2\/media\/888"}],"wp:attachment":[{"href":"https:\/\/bambinos.pt\/en\/wp-json\/wp\/v2\/media?parent=885"}],"wp:term":[{"taxonomy":"product_brand","embeddable":true,"href":"https:\/\/bambinos.pt\/en\/wp-json\/wp\/v2\/product_brand?post=885"},{"taxonomy":"product_cat","embeddable":true,"href":"https:\/\/bambinos.pt\/en\/wp-json\/wp\/v2\/product_cat?post=885"},{"taxonomy":"product_tag","embeddable":true,"href":"https:\/\/bambinos.pt\/en\/wp-json\/wp\/v2\/product_tag?post=885"}],"curies":[{"name":"wp","href":"https:\/\/api.w.org\/{rel}","templated":true}]}}