{"id":928,"date":"2025-05-08T14:12:07","date_gmt":"2025-05-08T14:12:07","guid":{"rendered":"https:\/\/bambinos.pt\/?post_type=product&#038;p=928"},"modified":"2025-05-10T12:04:10","modified_gmt":"2025-05-10T12:04:10","slug":"vestido-cerimonia-margaridas","status":"publish","type":"product","link":"https:\/\/bambinos.pt\/en\/loja\/vestido-cerimonia-margaridas\/","title":{"rendered":"Vestido Cerim\u00f3nia &#8221; Margaridas &#8220;"},"content":{"rendered":"<p><strong>Vestido Cerim\u00f3nia &#8221; Margaridas &#8220;<\/strong><\/p>\n<p>Vestido forrado com tule estampado com flores &#8221; Margaridas &#8220;.<\/p>\n<p>Composi\u00e7\u00e3o: 100% Poli\u00e9ster<\/p>\n<p>Fabricado em Portugal<\/p>","protected":false},"excerpt":{"rendered":"<p><strong>Vestido Cerim\u00f3nia &#8221; Margaridas &#8220;<\/strong><\/p>\n<p>Vestido forrado com tule estampado com flores &#8221; Margaridas &#8220;.<\/p>\n<p>Composi\u00e7\u00e3o: 100% Poli\u00e9ster<\/p>\n<p>Fabricado em Portugal<\/p>","protected":false},"featured_media":935,"comment_status":"closed","ping_status":"closed","template":"","meta":[],"product_brand":[],"product_cat":[132],"product_tag":[],"class_list":{"0":"post-928","1":"product","2":"type-product","3":"status-publish","4":"has-post-thumbnail","6":"product_cat-cerimonia-bebe-0-4a","8":"first","9":"instock","10":"sold-individually","11":"taxable","12":"shipping-taxable","13":"purchasable","14":"product-type-variable"},"_links":{"self":[{"href":"https:\/\/bambinos.pt\/en\/wp-json\/wp\/v2\/product\/928","targetHints":{"allow":["GET"]}}],"collection":[{"href":"https:\/\/bambinos.pt\/en\/wp-json\/wp\/v2\/product"}],"about":[{"href":"https:\/\/bambinos.pt\/en\/wp-json\/wp\/v2\/types\/product"}],"replies":[{"embeddable":true,"href":"https:\/\/bambinos.pt\/en\/wp-json\/wp\/v2\/comments?post=928"}],"wp:featuredmedia":[{"embeddable":true,"href":"https:\/\/bambinos.pt\/en\/wp-json\/wp\/v2\/media\/935"}],"wp:attachment":[{"href":"https:\/\/bambinos.pt\/en\/wp-json\/wp\/v2\/media?parent=928"}],"wp:term":[{"taxonomy":"product_brand","embeddable":true,"href":"https:\/\/bambinos.pt\/en\/wp-json\/wp\/v2\/product_brand?post=928"},{"taxonomy":"product_cat","embeddable":true,"href":"https:\/\/bambinos.pt\/en\/wp-json\/wp\/v2\/product_cat?post=928"},{"taxonomy":"product_tag","embeddable":true,"href":"https:\/\/bambinos.pt\/en\/wp-json\/wp\/v2\/product_tag?post=928"}],"curies":[{"name":"wp","href":"https:\/\/api.w.org\/{rel}","templated":true}]}}