{"id":942,"date":"2025-05-08T14:31:51","date_gmt":"2025-05-08T14:31:51","guid":{"rendered":"https:\/\/bambinos.pt\/?post_type=product&#038;p=942"},"modified":"2025-05-10T12:06:02","modified_gmt":"2025-05-10T12:06:02","slug":"vestido-de-cerimonia-verde-em-linho","status":"publish","type":"product","link":"https:\/\/bambinos.pt\/en\/loja\/vestido-de-cerimonia-verde-em-linho\/","title":{"rendered":"Vestido de Cerim\u00f3nia Verde em Linho"},"content":{"rendered":"<p>Vestido de Cerim\u00f3nia Verde em Linho<\/p>\n<p>Composi\u00e7\u00e3o: 60% Algod\u00e3o e 40% Linho<\/p>\n<p>Fabricado em Portugal<\/p>","protected":false},"excerpt":{"rendered":"<p>Vestido de Cerim\u00f3nia Verde em Linho<\/p>\n<p>Composi\u00e7\u00e3o: 60% Algod\u00e3o e 40% Linho<\/p>\n<p>Fabricado em Portugal<\/p>","protected":false},"featured_media":944,"comment_status":"closed","ping_status":"closed","template":"","meta":[],"product_brand":[],"product_cat":[132],"product_tag":[],"class_list":{"0":"post-942","1":"product","2":"type-product","3":"status-publish","4":"has-post-thumbnail","6":"product_cat-cerimonia-bebe-0-4a","8":"first","9":"instock","10":"sold-individually","11":"taxable","12":"shipping-taxable","13":"purchasable","14":"product-type-variable"},"_links":{"self":[{"href":"https:\/\/bambinos.pt\/en\/wp-json\/wp\/v2\/product\/942","targetHints":{"allow":["GET"]}}],"collection":[{"href":"https:\/\/bambinos.pt\/en\/wp-json\/wp\/v2\/product"}],"about":[{"href":"https:\/\/bambinos.pt\/en\/wp-json\/wp\/v2\/types\/product"}],"replies":[{"embeddable":true,"href":"https:\/\/bambinos.pt\/en\/wp-json\/wp\/v2\/comments?post=942"}],"wp:featuredmedia":[{"embeddable":true,"href":"https:\/\/bambinos.pt\/en\/wp-json\/wp\/v2\/media\/944"}],"wp:attachment":[{"href":"https:\/\/bambinos.pt\/en\/wp-json\/wp\/v2\/media?parent=942"}],"wp:term":[{"taxonomy":"product_brand","embeddable":true,"href":"https:\/\/bambinos.pt\/en\/wp-json\/wp\/v2\/product_brand?post=942"},{"taxonomy":"product_cat","embeddable":true,"href":"https:\/\/bambinos.pt\/en\/wp-json\/wp\/v2\/product_cat?post=942"},{"taxonomy":"product_tag","embeddable":true,"href":"https:\/\/bambinos.pt\/en\/wp-json\/wp\/v2\/product_tag?post=942"}],"curies":[{"name":"wp","href":"https:\/\/api.w.org\/{rel}","templated":true}]}}