{"id":947,"date":"2025-05-08T14:38:47","date_gmt":"2025-05-08T14:38:47","guid":{"rendered":"https:\/\/bambinos.pt\/?post_type=product&#038;p=947"},"modified":"2025-05-10T12:06:51","modified_gmt":"2025-05-10T12:06:51","slug":"vestido-cerimonia-branco-com-faixa-verde-oliva","status":"publish","type":"product","link":"https:\/\/bambinos.pt\/en\/loja\/vestido-cerimonia-branco-com-faixa-verde-oliva\/","title":{"rendered":"Vestido Cerim\u00f3nia Branco com faixa verde oliva"},"content":{"rendered":"<p><strong>Vestido de Cerim\u00f3nia Branco com faixa verde oliva\u00a0<\/strong><\/p>\n<p>Vestido forrado com fecho nas costas.<\/p>\n<p>Composi\u00e7\u00e3o: 100% Algod\u00e3o<\/p>","protected":false},"excerpt":{"rendered":"<p><strong>Vestido de Cerim\u00f3nia Branco com faixa verde oliva\u00a0<\/strong><\/p>\n<p>Vestido forrado com fecho nas costas.<\/p>\n<p>Composi\u00e7\u00e3o: 100% Algod\u00e3o<\/p>","protected":false},"featured_media":951,"comment_status":"closed","ping_status":"closed","template":"","meta":[],"product_brand":[],"product_cat":[132,133],"product_tag":[],"class_list":{"0":"post-947","1":"product","2":"type-product","3":"status-publish","4":"has-post-thumbnail","6":"product_cat-cerimonia-bebe-0-4a","7":"product_cat-cerimonia-menina-5a-12a","9":"first","10":"instock","11":"sold-individually","12":"taxable","13":"shipping-taxable","14":"purchasable","15":"product-type-variable"},"_links":{"self":[{"href":"https:\/\/bambinos.pt\/en\/wp-json\/wp\/v2\/product\/947","targetHints":{"allow":["GET"]}}],"collection":[{"href":"https:\/\/bambinos.pt\/en\/wp-json\/wp\/v2\/product"}],"about":[{"href":"https:\/\/bambinos.pt\/en\/wp-json\/wp\/v2\/types\/product"}],"replies":[{"embeddable":true,"href":"https:\/\/bambinos.pt\/en\/wp-json\/wp\/v2\/comments?post=947"}],"wp:featuredmedia":[{"embeddable":true,"href":"https:\/\/bambinos.pt\/en\/wp-json\/wp\/v2\/media\/951"}],"wp:attachment":[{"href":"https:\/\/bambinos.pt\/en\/wp-json\/wp\/v2\/media?parent=947"}],"wp:term":[{"taxonomy":"product_brand","embeddable":true,"href":"https:\/\/bambinos.pt\/en\/wp-json\/wp\/v2\/product_brand?post=947"},{"taxonomy":"product_cat","embeddable":true,"href":"https:\/\/bambinos.pt\/en\/wp-json\/wp\/v2\/product_cat?post=947"},{"taxonomy":"product_tag","embeddable":true,"href":"https:\/\/bambinos.pt\/en\/wp-json\/wp\/v2\/product_tag?post=947"}],"curies":[{"name":"wp","href":"https:\/\/api.w.org\/{rel}","templated":true}]}}