{"id":957,"date":"2025-05-08T14:51:42","date_gmt":"2025-05-08T14:51:42","guid":{"rendered":"https:\/\/bambinos.pt\/?post_type=product&#038;p=957"},"modified":"2025-05-08T14:51:42","modified_gmt":"2025-05-08T14:51:42","slug":"calcao-tiroles-telha","status":"publish","type":"product","link":"https:\/\/bambinos.pt\/en\/loja\/calcao-tiroles-telha\/","title":{"rendered":"Cal\u00e7\u00e3o Tirol\u00eas Telha"},"content":{"rendered":"<p><strong>Cal\u00e7\u00e3o Tirol\u00eas Telha ( N\u00e3o inclui camisa nem acess\u00f3rios ).\u00a0<\/strong><\/p>\n<p>Cal\u00e7\u00e3o Tirol\u00eas Telha em Linho.<\/p>\n<p>Composi\u00e7\u00e3o: 100% Algod\u00e3o<\/p>\n<p>Fabricado em Portugal<\/p>\n<p>&nbsp;<\/p>","protected":false},"excerpt":{"rendered":"<p><strong>Cal\u00e7\u00e3o Tirol\u00eas Telha ( N\u00e3o inclui camisa nem acess\u00f3rios ).\u00a0<\/strong><\/p>\n<p>Cal\u00e7\u00e3o Tirol\u00eas Telha em Linho.<\/p>\n<p>Composi\u00e7\u00e3o: 100% Algod\u00e3o<\/p>\n<p>Fabricado em Portugal<\/p>","protected":false},"featured_media":958,"comment_status":"closed","ping_status":"closed","template":"","meta":[],"product_brand":[],"product_cat":[132],"product_tag":[],"class_list":{"0":"post-957","1":"product","2":"type-product","3":"status-publish","4":"has-post-thumbnail","6":"product_cat-cerimonia-bebe-0-4a","8":"first","9":"instock","10":"sold-individually","11":"taxable","12":"shipping-taxable","13":"purchasable","14":"product-type-variable"},"_links":{"self":[{"href":"https:\/\/bambinos.pt\/en\/wp-json\/wp\/v2\/product\/957","targetHints":{"allow":["GET"]}}],"collection":[{"href":"https:\/\/bambinos.pt\/en\/wp-json\/wp\/v2\/product"}],"about":[{"href":"https:\/\/bambinos.pt\/en\/wp-json\/wp\/v2\/types\/product"}],"replies":[{"embeddable":true,"href":"https:\/\/bambinos.pt\/en\/wp-json\/wp\/v2\/comments?post=957"}],"wp:featuredmedia":[{"embeddable":true,"href":"https:\/\/bambinos.pt\/en\/wp-json\/wp\/v2\/media\/958"}],"wp:attachment":[{"href":"https:\/\/bambinos.pt\/en\/wp-json\/wp\/v2\/media?parent=957"}],"wp:term":[{"taxonomy":"product_brand","embeddable":true,"href":"https:\/\/bambinos.pt\/en\/wp-json\/wp\/v2\/product_brand?post=957"},{"taxonomy":"product_cat","embeddable":true,"href":"https:\/\/bambinos.pt\/en\/wp-json\/wp\/v2\/product_cat?post=957"},{"taxonomy":"product_tag","embeddable":true,"href":"https:\/\/bambinos.pt\/en\/wp-json\/wp\/v2\/product_tag?post=957"}],"curies":[{"name":"wp","href":"https:\/\/api.w.org\/{rel}","templated":true}]}}