{"id":969,"date":"2025-05-08T15:13:13","date_gmt":"2025-05-08T15:13:13","guid":{"rendered":"https:\/\/bambinos.pt\/?post_type=product&#038;p=969"},"modified":"2025-08-01T14:40:49","modified_gmt":"2025-08-01T14:40:49","slug":"lencois-next2me-olivia","status":"publish","type":"product","link":"https:\/\/bambinos.pt\/en\/loja\/lencois-next2me-olivia\/","title":{"rendered":"Len\u00e7\u00f3is Next2me &#8221; Ol\u00edvia&#8221;"},"content":{"rendered":"<p>Conjunto de Len\u00e7\u00f3is de Next2me tema &#8221; Ol\u00edvia &#8221;<\/p>\n<p>Conjunto composto por:<\/p>\n<ul>\n<li>Len\u00e7ol de cima<\/li>\n<li>Len\u00e7ol de baixo com el\u00e1stico<\/li>\n<li>Fronha para almofada<\/li>\n<\/ul>\n<p>Composi\u00e7\u00e3o:<\/p>\n<ul>\n<li>100% Algod\u00e3o<\/li>\n<\/ul>\n<p>Dimens\u00f5es:<\/p>\n<ul>\n<li>80x50cm<\/li>\n<\/ul>\n<p>Fabricado em Portugal<\/p>","protected":false},"excerpt":{"rendered":"<p>Conjunto de Len\u00e7\u00f3is de Next2me tema &#8221; Ol\u00edvia &#8221;<\/p>\n<p>Conjunto composto por:<\/p>\n<ul>\n<li>Len\u00e7ol de cima<\/li>\n<li>Len\u00e7ol de baixo com el\u00e1stico<\/li>\n<li>Fronha para almofada<\/li>\n<\/ul>\n<p>Composi\u00e7\u00e3o:<\/p>\n<ul>\n<li>100% Algod\u00e3o<\/li>\n<\/ul>\n<p>Dimens\u00f5es:<\/p>\n<ul>\n<li>80x50cm<\/li>\n<\/ul>\n<p>Fabricado em Portugal<\/p>","protected":false},"featured_media":968,"comment_status":"closed","ping_status":"closed","template":"","meta":[],"product_brand":[],"product_cat":[103],"product_tag":[],"class_list":{"0":"post-969","1":"product","2":"type-product","3":"status-publish","4":"has-post-thumbnail","6":"product_cat-lencois-de-next2me","8":"first","9":"instock","10":"sold-individually","11":"taxable","12":"shipping-taxable","13":"purchasable","14":"product-type-variable"},"_links":{"self":[{"href":"https:\/\/bambinos.pt\/en\/wp-json\/wp\/v2\/product\/969","targetHints":{"allow":["GET"]}}],"collection":[{"href":"https:\/\/bambinos.pt\/en\/wp-json\/wp\/v2\/product"}],"about":[{"href":"https:\/\/bambinos.pt\/en\/wp-json\/wp\/v2\/types\/product"}],"replies":[{"embeddable":true,"href":"https:\/\/bambinos.pt\/en\/wp-json\/wp\/v2\/comments?post=969"}],"wp:featuredmedia":[{"embeddable":true,"href":"https:\/\/bambinos.pt\/en\/wp-json\/wp\/v2\/media\/968"}],"wp:attachment":[{"href":"https:\/\/bambinos.pt\/en\/wp-json\/wp\/v2\/media?parent=969"}],"wp:term":[{"taxonomy":"product_brand","embeddable":true,"href":"https:\/\/bambinos.pt\/en\/wp-json\/wp\/v2\/product_brand?post=969"},{"taxonomy":"product_cat","embeddable":true,"href":"https:\/\/bambinos.pt\/en\/wp-json\/wp\/v2\/product_cat?post=969"},{"taxonomy":"product_tag","embeddable":true,"href":"https:\/\/bambinos.pt\/en\/wp-json\/wp\/v2\/product_tag?post=969"}],"curies":[{"name":"wp","href":"https:\/\/api.w.org\/{rel}","templated":true}]}}