{"id":992,"date":"2025-05-08T16:12:42","date_gmt":"2025-05-08T16:12:42","guid":{"rendered":"https:\/\/bambinos.pt\/?post_type=product&#038;p=992"},"modified":"2025-05-08T16:12:42","modified_gmt":"2025-05-08T16:12:42","slug":"jardineira-com-camisa-sirius","status":"publish","type":"product","link":"https:\/\/bambinos.pt\/en\/loja\/jardineira-com-camisa-sirius\/","title":{"rendered":"Jardineira com camisa &#8221; Sirius &#8220;"},"content":{"rendered":"<p><strong>Jardineira com camisa &#8221; Sirius &#8220;<\/strong><\/p>\n<p>Jardineira cal\u00e7a com bolso no peito<\/p>\n<p>Composi\u00e7\u00e3o: 100% Algod\u00e3o<\/p>\n<p>Fabricado em Portugal<\/p>","protected":false},"excerpt":{"rendered":"<p><strong>Jardineira com camisa &#8221; Sirius &#8220;<\/strong><\/p>\n<p>Jardineira cal\u00e7a com bolso no peito<\/p>\n<p>Composi\u00e7\u00e3o: 100% Algod\u00e3o<\/p>\n<p>Fabricado em Portugal<\/p>","protected":false},"featured_media":999,"comment_status":"closed","ping_status":"closed","template":"","meta":[],"product_brand":[],"product_cat":[61,87,122],"product_tag":[],"class_list":{"0":"post-992","1":"product","2":"type-product","3":"status-publish","4":"has-post-thumbnail","6":"product_cat-calcas-e-jardineiras-recem-nascido","7":"product_cat-calcas-e-jardineiras-bebe-menino-9m-18m","8":"product_cat-calcas-e-jardineiras-menino-24m-6a","10":"first","11":"instock","12":"sold-individually","13":"taxable","14":"shipping-taxable","15":"purchasable","16":"product-type-variable"},"_links":{"self":[{"href":"https:\/\/bambinos.pt\/en\/wp-json\/wp\/v2\/product\/992","targetHints":{"allow":["GET"]}}],"collection":[{"href":"https:\/\/bambinos.pt\/en\/wp-json\/wp\/v2\/product"}],"about":[{"href":"https:\/\/bambinos.pt\/en\/wp-json\/wp\/v2\/types\/product"}],"replies":[{"embeddable":true,"href":"https:\/\/bambinos.pt\/en\/wp-json\/wp\/v2\/comments?post=992"}],"wp:featuredmedia":[{"embeddable":true,"href":"https:\/\/bambinos.pt\/en\/wp-json\/wp\/v2\/media\/999"}],"wp:attachment":[{"href":"https:\/\/bambinos.pt\/en\/wp-json\/wp\/v2\/media?parent=992"}],"wp:term":[{"taxonomy":"product_brand","embeddable":true,"href":"https:\/\/bambinos.pt\/en\/wp-json\/wp\/v2\/product_brand?post=992"},{"taxonomy":"product_cat","embeddable":true,"href":"https:\/\/bambinos.pt\/en\/wp-json\/wp\/v2\/product_cat?post=992"},{"taxonomy":"product_tag","embeddable":true,"href":"https:\/\/bambinos.pt\/en\/wp-json\/wp\/v2\/product_tag?post=992"}],"curies":[{"name":"wp","href":"https:\/\/api.w.org\/{rel}","templated":true}]}}